{"id":150,"date":"2025-11-05T19:19:45","date_gmt":"2025-11-05T19:19:45","guid":{"rendered":"https:\/\/duvernay-asphalte.ca\/?page_id=150"},"modified":"2025-11-21T17:56:04","modified_gmt":"2025-11-21T17:56:04","slug":"apropos","status":"publish","type":"page","link":"https:\/\/duvernay-asphalte.ca\/en\/apropos\/","title":{"rendered":"About"},"content":{"rendered":"<div data-elementor-type=\"wp-page\" data-elementor-id=\"150\" class=\"elementor elementor-150\" data-elementor-post-type=\"page\">\n\t\t\t\t<div data-particle_enable=\"false\" data-particle-mobile-disabled=\"false\" class=\"elementor-element elementor-element-7e680f6 e-flex e-con-boxed csc-shape-default e-con e-parent\" data-id=\"7e680f6\" data-element_type=\"container\" data-settings=\"{&quot;background_background&quot;:&quot;classic&quot;}\">\n\t\t\t\t\t<div class=\"e-con-inner\">\n\t\t\t\t<div class=\"elementor-element elementor-element-d19c24d elementor-widget elementor-widget-heading\" data-id=\"d19c24d\" data-element_type=\"widget\" data-widget_type=\"heading.default\">\n\t\t\t\t\t<h2 class=\"elementor-heading-title elementor-size-default\">About<\/h2>\t\t\t\t<\/div>\n\t\t\t\t\t<\/div>\n\t\t\t\t<\/div>\n\t\t<div data-particle_enable=\"false\" data-particle-mobile-disabled=\"false\" class=\"elementor-element elementor-element-82571e3 e-flex e-con-boxed csc-shape-default e-con e-parent\" data-id=\"82571e3\" data-element_type=\"container\">\n\t\t\t\t\t<div class=\"e-con-inner\">\n\t\t\t\t<div class=\"elementor-element elementor-element-affb055 elementor-widget elementor-widget-spacer\" data-id=\"affb055\" data-element_type=\"widget\" data-widget_type=\"spacer.default\">\n\t\t\t\t\t\t\t<div class=\"elementor-spacer\">\n\t\t\t<div class=\"elementor-spacer-inner\"><\/div>\n\t\t<\/div>\n\t\t\t\t\t\t<\/div>\n\t\t\t\t\t<\/div>\n\t\t\t\t<\/div>\n\t\t<div data-particle_enable=\"false\" data-particle-mobile-disabled=\"false\" class=\"elementor-element elementor-element-cd9c5f6 e-flex e-con-boxed csc-shape-default e-con e-parent\" data-id=\"cd9c5f6\" data-element_type=\"container\">\n\t\t\t\t\t<div class=\"e-con-inner\">\n\t\t<div data-particle_enable=\"false\" data-particle-mobile-disabled=\"false\" class=\"elementor-element elementor-element-68b53db e-con-full e-flex csc-shape-default e-con e-child\" data-id=\"68b53db\" data-element_type=\"container\">\n\t\t\t\t<div class=\"elementor-element elementor-element-436c8cb elementor-widget elementor-widget-heading\" data-id=\"436c8cb\" data-element_type=\"widget\" data-widget_type=\"heading.default\">\n\t\t\t\t\t<h2 class=\"elementor-heading-title elementor-size-default\">For more than 50 years, or 3 generations, Duvernay Asphalte has continued the family tradition.<\/h2>\t\t\t\t<\/div>\n\t\t\t\t<div class=\"elementor-element elementor-element-3904dd0 elementor-widget elementor-widget-heading\" data-id=\"3904dd0\" data-element_type=\"widget\" data-widget_type=\"heading.default\">\n\t\t\t\t\t<h2 class=\"elementor-heading-title elementor-size-default\">The company specializes in asphalt paving, excavation, the construction of sidewalks and retaining walls in interlocking pavers, block embankments, as well as sewer repair in parking lots, asphalt repair and reconstruction or modification of interlocking paver surfaces, and block embankment retaining walls.<\/h2>\t\t\t\t<\/div>\n\t\t\t\t<div class=\"elementor-element elementor-element-1e6ffd2 elementor-widget elementor-widget-heading\" data-id=\"1e6ffd2\" data-element_type=\"widget\" data-widget_type=\"heading.default\">\n\t\t\t\t\t<h2 class=\"elementor-heading-title elementor-size-default\">The quality of his work, his expertise, his meticulousness and his respect for deadlines have earned him an excellent reputation with commercial and residential clients.<\/h2>\t\t\t\t<\/div>\n\t\t\t\t<div class=\"elementor-element elementor-element-8acada4 elementor-widget elementor-widget-heading\" data-id=\"8acada4\" data-element_type=\"widget\" data-widget_type=\"heading.default\">\n\t\t\t\t\t<h2 class=\"elementor-heading-title elementor-size-default\">Enhance the appearance of your entrance and front of your house with the <b>services<\/b> Duvernay Asphalt.<\/h2>\t\t\t\t<\/div>\n\t\t\t\t<div class=\"elementor-element elementor-element-6f746f8 elementor-widget elementor-widget-heading\" data-id=\"6f746f8\" data-element_type=\"widget\" data-widget_type=\"heading.default\">\n\t\t\t\t\t<h2 class=\"elementor-heading-title elementor-size-default\">Duvernay Asphalte is environmentally friendly.<\/h2>\t\t\t\t<\/div>\n\t\t\t\t<div class=\"elementor-element elementor-element-63d7258 elementor-widget elementor-widget-heading\" data-id=\"63d7258\" data-element_type=\"widget\" data-widget_type=\"heading.default\">\n\t\t\t\t\t<h2 class=\"elementor-heading-title elementor-size-default\">All our projects are carried out with strict respect for the environment and your property.<\/h2>\t\t\t\t<\/div>\n\t\t\t\t<div class=\"elementor-element elementor-element-21c4007 elementor-widget elementor-widget-heading\" data-id=\"21c4007\" data-element_type=\"widget\" data-widget_type=\"heading.default\">\n\t\t\t\t\t<h2 class=\"elementor-heading-title elementor-size-default\">All materials to be removed are destroyed or recycled according to standards.<\/h2>\t\t\t\t<\/div>\n\t\t\t\t<div class=\"elementor-element elementor-element-0aa8b71 elementor-widget elementor-widget-heading\" data-id=\"0aa8b71\" data-element_type=\"widget\" data-widget_type=\"heading.default\">\n\t\t\t\t\t<h2 class=\"elementor-heading-title elementor-size-default\">All soil removed during excavation is sent to an approved fill site. <\/h2>\t\t\t\t<\/div>\n\t\t\t\t<div class=\"elementor-element elementor-element-699825b elementor-widget elementor-widget-heading\" data-id=\"699825b\" data-element_type=\"widget\" data-widget_type=\"heading.default\">\n\t\t\t\t\t<h2 class=\"elementor-heading-title elementor-size-default\">We take care to clean up at the end of the work so that you can fully enjoy your home.<\/h2>\t\t\t\t<\/div>\n\t\t\t\t<\/div>\n\t\t\t\t\t<\/div>\n\t\t\t\t<\/div>\n\t\t<div data-particle_enable=\"false\" data-particle-mobile-disabled=\"false\" class=\"elementor-element elementor-element-7df4e0f e-flex e-con-boxed csc-shape-default e-con e-parent\" data-id=\"7df4e0f\" data-element_type=\"container\">\n\t\t\t\t\t<div class=\"e-con-inner\">\n\t\t<div data-particle_enable=\"false\" data-particle-mobile-disabled=\"false\" class=\"elementor-element elementor-element-5876ca3 e-con-full reveal-left e-flex csc-shape-default e-con e-child\" data-id=\"5876ca3\" data-element_type=\"container\">\n\t\t\t\t<div class=\"elementor-element elementor-element-2a65007 elementor-view-default elementor-widget elementor-widget-icon\" data-id=\"2a65007\" data-element_type=\"widget\" data-widget_type=\"icon.default\">\n\t\t\t\t\t\t\t<div class=\"elementor-icon-wrapper\">\n\t\t\t<div class=\"elementor-icon\">\n\t\t\t<svg aria-hidden=\"true\" class=\"e-font-icon-svg e-fas-leaf\" viewbox=\"0 0 576 512\" xmlns=\"http:\/\/www.w3.org\/2000\/svg\"><path d=\"M546.2 9.7c-5.6-12.5-21.6-13-28.3-1.2C486.9 62.4 431.4 96 368 96h-80C182 96 96 182 96 288c0 7 .8 13.7 1.5 20.5C161.3 262.8 253.4 224 384 224c8.8 0 16 7.2 16 16s-7.2 16-16 16C132.6 256 26 410.1 2.4 468c-6.6 16.3 1.2 34.9 17.5 41.6 16.4 6.8 35-1.1 41.8-17.3 1.5-3.6 20.9-47.9 71.9-90.6 32.4 43.9 94 85.8 174.9 77.2C465.5 467.5 576 326.7 576 154.3c0-50.2-10.8-102.2-29.8-144.6z\"><\/path><\/svg>\t\t\t<\/div>\n\t\t<\/div>\n\t\t\t\t\t\t<\/div>\n\t\t\t\t<div class=\"elementor-element elementor-element-61236c6 elementor-widget elementor-widget-heading\" data-id=\"61236c6\" data-element_type=\"widget\" data-widget_type=\"heading.default\">\n\t\t\t\t\t<h2 class=\"elementor-heading-title elementor-size-default\">Duvernay Asphalte is committed to respecting the environment and your property.<\/h2>\t\t\t\t<\/div>\n\t\t\t\t<\/div>\n\t\t\t\t\t<\/div>\n\t\t\t\t<\/div>\n\t\t<div data-particle_enable=\"false\" data-particle-mobile-disabled=\"false\" class=\"elementor-element elementor-element-589172c e-flex e-con-boxed csc-shape-default e-con e-parent\" data-id=\"589172c\" data-element_type=\"container\">\n\t\t\t\t\t<div class=\"e-con-inner\">\n\t\t\t\t<div class=\"elementor-element elementor-element-95c9040 elementor-widget elementor-widget-spacer\" data-id=\"95c9040\" data-element_type=\"widget\" data-widget_type=\"spacer.default\">\n\t\t\t\t\t\t\t<div class=\"elementor-spacer\">\n\t\t\t<div class=\"elementor-spacer-inner\"><\/div>\n\t\t<\/div>\n\t\t\t\t\t\t<\/div>\n\t\t\t\t\t<\/div>\n\t\t\t\t<\/div>\n\t\t\t\t<\/div>","protected":false},"excerpt":{"rendered":"<p>\u00c0 Propos Depuis plus de 50 ans, soit 3 g\u00e9n\u00e9rations, Duvernay Asphalte poursuit la tradition familiale. L\u2019entreprise se sp\u00e9cialise dans le pavage d\u2019asphalte, l\u2019excavation, l\u2019am\u00e9nagement de trottoirs et murets en pav\u00e9 unis, blocs talus, ainsi que la r\u00e9paration d\u2019\u00e9gout dans les stationnements, r\u00e9paration d\u2019asphalte et reconstruction ou modification de surface en pav\u00e9-uni, ainsi que les [&hellip;]<\/p>","protected":false},"author":1,"featured_media":0,"parent":0,"menu_order":0,"comment_status":"closed","ping_status":"closed","template":"","meta":{"_seopress_robots_primary_cat":"","_seopress_titles_title":"\u00c0 propos %%sep%% 3 G\u00e9n\u00e9rations d'Experts en Asphalte \u00e0 Laval","_seopress_titles_desc":"Depuis 3 g\u00e9n\u00e9rations, Duvernay Asphalte est la r\u00e9f\u00e9rence en asphalte \u00e0 Laval. D\u00e9couvrez notre histoire, notre \u00e9quipe qualifi\u00e9e et notre savoir-faire unique.","_seopress_robots_index":"","footnotes":""},"class_list":["post-150","page","type-page","status-publish","hentry"],"_links":{"self":[{"href":"https:\/\/duvernay-asphalte.ca\/en\/wp-json\/wp\/v2\/pages\/150","targetHints":{"allow":["GET"]}}],"collection":[{"href":"https:\/\/duvernay-asphalte.ca\/en\/wp-json\/wp\/v2\/pages"}],"about":[{"href":"https:\/\/duvernay-asphalte.ca\/en\/wp-json\/wp\/v2\/types\/page"}],"author":[{"embeddable":true,"href":"https:\/\/duvernay-asphalte.ca\/en\/wp-json\/wp\/v2\/users\/1"}],"replies":[{"embeddable":true,"href":"https:\/\/duvernay-asphalte.ca\/en\/wp-json\/wp\/v2\/comments?post=150"}],"version-history":[{"count":25,"href":"https:\/\/duvernay-asphalte.ca\/en\/wp-json\/wp\/v2\/pages\/150\/revisions"}],"predecessor-version":[{"id":445,"href":"https:\/\/duvernay-asphalte.ca\/en\/wp-json\/wp\/v2\/pages\/150\/revisions\/445"}],"wp:attachment":[{"href":"https:\/\/duvernay-asphalte.ca\/en\/wp-json\/wp\/v2\/media?parent=150"}],"curies":[{"name":"wp","href":"https:\/\/api.w.org\/{rel}","templated":true}]}}