{"id":241,"date":"2025-11-06T19:46:00","date_gmt":"2025-11-06T19:46:00","guid":{"rendered":"https:\/\/duvernay-asphalte.ca\/?page_id=241"},"modified":"2025-11-21T19:41:50","modified_gmt":"2025-11-21T19:41:50","slug":"pavage-dasphalte","status":"publish","type":"page","link":"https:\/\/duvernay-asphalte.ca\/en\/pavage-dasphalte\/","title":{"rendered":"Asphalt paving"},"content":{"rendered":"<div data-elementor-type=\"wp-page\" data-elementor-id=\"241\" class=\"elementor elementor-241\" data-elementor-post-type=\"page\">\n\t\t\t\t<div data-particle_enable=\"false\" data-particle-mobile-disabled=\"false\" class=\"elementor-element elementor-element-dd45254 e-flex e-con-boxed csc-shape-default e-con e-parent\" data-id=\"dd45254\" data-element_type=\"container\" data-settings=\"{&quot;background_background&quot;:&quot;classic&quot;}\">\n\t\t\t\t\t<div class=\"e-con-inner\">\n\t\t\t\t<div class=\"elementor-element elementor-element-77939ad elementor-widget elementor-widget-heading\" data-id=\"77939ad\" data-element_type=\"widget\" data-widget_type=\"heading.default\">\n\t\t\t\t\t<h2 class=\"elementor-heading-title elementor-size-default\">Asphalt Paving<\/h2>\t\t\t\t<\/div>\n\t\t\t\t\t<\/div>\n\t\t\t\t<\/div>\n\t\t<div data-particle_enable=\"false\" data-particle-mobile-disabled=\"false\" class=\"elementor-element elementor-element-3a8b37c e-flex e-con-boxed csc-shape-default e-con e-parent\" data-id=\"3a8b37c\" data-element_type=\"container\">\n\t\t\t\t\t<div class=\"e-con-inner\">\n\t\t\t\t<div class=\"elementor-element elementor-element-5dc79c5 elementor-hidden-mobile elementor-widget elementor-widget-spacer\" data-id=\"5dc79c5\" data-element_type=\"widget\" data-widget_type=\"spacer.default\">\n\t\t\t\t\t\t\t<div class=\"elementor-spacer\">\n\t\t\t<div class=\"elementor-spacer-inner\"><\/div>\n\t\t<\/div>\n\t\t\t\t\t\t<\/div>\n\t\t\t\t\t<\/div>\n\t\t\t\t<\/div>\n\t\t<div data-particle_enable=\"false\" data-particle-mobile-disabled=\"false\" class=\"elementor-element elementor-element-f7920c2 e-flex e-con-boxed csc-shape-default e-con e-parent\" data-id=\"f7920c2\" data-element_type=\"container\">\n\t\t\t\t\t<div class=\"e-con-inner\">\n\t\t<div data-particle_enable=\"false\" data-particle-mobile-disabled=\"false\" class=\"elementor-element elementor-element-59a1537 e-con-full e-flex csc-shape-default e-con e-child\" data-id=\"59a1537\" data-element_type=\"container\">\n\t\t\t\t<div class=\"elementor-element elementor-element-4900787 elementor-widget elementor-widget-image\" data-id=\"4900787\" data-element_type=\"widget\" data-widget_type=\"image.default\">\n\t\t\t\t\t\t\t\t\t\t\t\t\t\t\t<img alt=\"\" fetchpriority=\"high\" decoding=\"async\" width=\"800\" height=\"500\" src=\"https:\/\/duvernay-asphalte.ca\/wp-content\/uploads\/2025\/11\/travaux_stationnement_asphalte.webp\" class=\"attachment-large size-large wp-image-23\" srcset=\"https:\/\/duvernay-asphalte.ca\/wp-content\/uploads\/2025\/11\/travaux_stationnement_asphalte.webp 1000w, https:\/\/duvernay-asphalte.ca\/wp-content\/uploads\/2025\/11\/travaux_stationnement_asphalte-300x188.jpg 300w, https:\/\/duvernay-asphalte.ca\/wp-content\/uploads\/2025\/11\/travaux_stationnement_asphalte-768x480.jpg 768w\" sizes=\"(max-width: 800px) 100vw, 800px\" \/>\t\t\t\t\t\t\t\t\t\t\t\t\t\t\t<\/div>\n\t\t\t\t<\/div>\n\t\t<div data-particle_enable=\"false\" data-particle-mobile-disabled=\"false\" class=\"elementor-element elementor-element-253cf7a e-con-full e-flex csc-shape-default e-con e-child\" data-id=\"253cf7a\" data-element_type=\"container\">\n\t\t\t\t<div class=\"elementor-element elementor-element-f9d878f elementor-widget elementor-widget-heading\" data-id=\"f9d878f\" data-element_type=\"widget\" data-widget_type=\"heading.default\">\n\t\t\t\t\t<h2 class=\"elementor-heading-title elementor-size-default\">Asphalt paving (residential and commercial)<\/h2>\t\t\t\t<\/div>\n\t\t\t\t<div class=\"elementor-element elementor-element-352a628 elementor-widget elementor-widget-heading\" data-id=\"352a628\" data-element_type=\"widget\" data-widget_type=\"heading.default\">\n\t\t\t\t\t<h2 class=\"elementor-heading-title elementor-size-default\">We offer all our clients high-quality driveway paving services. We always use top-quality products to ensure they last for years to come. Driveways are subjected to considerable wear and tear over time. Vehicle traffic, snowblowers, and the sudden temperature changes common in Quebec all contribute to the damage that will eventually force you to replace your asphalt driveway. Choosing a competent company that performs meticulous, high-quality work is essential. A job well done will extend the life of your new driveway, which is why selecting your paving professional is so important.<\/h2>\t\t\t\t<\/div>\n\t\t\t\t<\/div>\n\t\t\t\t\t<\/div>\n\t\t\t\t<\/div>\n\t\t<div data-particle_enable=\"false\" data-particle-mobile-disabled=\"false\" class=\"elementor-element elementor-element-d35069e e-flex e-con-boxed csc-shape-default e-con e-parent\" data-id=\"d35069e\" data-element_type=\"container\">\n\t\t\t\t\t<div class=\"e-con-inner\">\n\t\t\t\t<div class=\"elementor-element elementor-element-464e902 elementor-widget-divider--view-line elementor-widget elementor-widget-divider\" data-id=\"464e902\" data-element_type=\"widget\" data-widget_type=\"divider.default\">\n\t\t\t\t\t\t\t<div class=\"elementor-divider\">\n\t\t\t<span class=\"elementor-divider-separator\">\n\t\t\t\t\t\t<\/span>\n\t\t<\/div>\n\t\t\t\t\t\t<\/div>\n\t\t\t\t\t<\/div>\n\t\t\t\t<\/div>\n\t\t<div data-particle_enable=\"false\" data-particle-mobile-disabled=\"false\" class=\"elementor-element elementor-element-af320df e-flex e-con-boxed csc-shape-default e-con e-parent\" data-id=\"af320df\" data-element_type=\"container\">\n\t\t\t\t\t<div class=\"e-con-inner\">\n\t\t\t\t<div class=\"elementor-element elementor-element-6f0adb0 elementor-widget elementor-widget-heading\" data-id=\"6f0adb0\" data-element_type=\"widget\" data-widget_type=\"heading.default\">\n\t\t\t\t\t<h2 class=\"elementor-heading-title elementor-size-default\">Residential asphalt paving<\/h2>\t\t\t\t<\/div>\n\t\t\t\t<div class=\"elementor-element elementor-element-21f5cbd elementor-widget elementor-widget-heading\" data-id=\"21f5cbd\" data-element_type=\"widget\" data-widget_type=\"heading.default\">\n\t\t\t\t\t<h2 class=\"elementor-heading-title elementor-size-default\">Asphalt driveway paving is the most popular choice for most people. It's affordable and durable. Our techniques, developed over 50 years of experience, will ensure impeccable results for your home. We offer residential paving services throughout Laval, the North Shore, and Montreal. Contact us today for a free quote for your asphalt paving project; we'd be happy to meet with you and provide a free estimate.<\/h2>\t\t\t\t<\/div>\n\t\t\t\t<div class=\"elementor-element elementor-element-90ae166 elementor-widget elementor-widget-heading\" data-id=\"90ae166\" data-element_type=\"widget\" data-widget_type=\"heading.default\">\n\t\t\t\t\t<h2 class=\"elementor-heading-title elementor-size-default\">Commercial asphalt paving<\/h2>\t\t\t\t<\/div>\n\t\t\t\t<div class=\"elementor-element elementor-element-0d53e8b elementor-widget elementor-widget-heading\" data-id=\"0d53e8b\" data-element_type=\"widget\" data-widget_type=\"heading.default\">\n\t\t\t\t\t<h2 class=\"elementor-heading-title elementor-size-default\">At <b>Duvernay Asphalte.<\/b>, We have been providing commercial paving services for 50 years. Our expertise and dedication to our clients have allowed us to complete a significant number of commercial asphalt paving projects. We are the team you need to complete your commercial project with unparalleled precision. We offer commercial paving services throughout the Laval, North Shore, and Montreal areas. Contact us today to receive a quote for your commercial asphalt paving project.<\/h2>\t\t\t\t<\/div>\n\t\t\t\t<div class=\"elementor-element elementor-element-21f445a elementor-widget elementor-widget-heading\" data-id=\"21f445a\" data-element_type=\"widget\" data-widget_type=\"heading.default\">\n\t\t\t\t\t<h2 class=\"elementor-heading-title elementor-size-default\">Your satisfaction is our priority, which is why we pay meticulous attention to detail. Proper excavation is crucial to ensure the chosen material is securely installed and the ground is stable, preventing cracking. We also ensure that water is properly drained.<\/h2>\t\t\t\t<\/div>\n\t\t\t\t<div class=\"elementor-element elementor-element-da823af elementor-widget elementor-widget-heading\" data-id=\"da823af\" data-element_type=\"widget\" data-widget_type=\"heading.default\">\n\t\t\t\t\t<h2 class=\"elementor-heading-title elementor-size-default\">At <b>Duvernay Asphalte.<\/b>, We are your ideal partner for all your asphalt paving needs. With our expertise, you can finally have the high-quality asphalt paving you deserve! Contact us today; our team will be happy to come and carry out your asphalt paving project.<\/h2>\t\t\t\t<\/div>\n\t\t\t\t\t<\/div>\n\t\t\t\t<\/div>\n\t\t<div data-particle_enable=\"false\" data-particle-mobile-disabled=\"false\" class=\"elementor-element elementor-element-1f61ced e-flex e-con-boxed csc-shape-default e-con e-parent\" data-id=\"1f61ced\" data-element_type=\"container\">\n\t\t\t\t\t<div class=\"e-con-inner\">\n\t\t\t\t<div class=\"elementor-element elementor-element-1f6ecfb elementor-hidden-mobile elementor-widget elementor-widget-spacer\" data-id=\"1f6ecfb\" data-element_type=\"widget\" data-widget_type=\"spacer.default\">\n\t\t\t\t\t\t\t<div class=\"elementor-spacer\">\n\t\t\t<div class=\"elementor-spacer-inner\"><\/div>\n\t\t<\/div>\n\t\t\t\t\t\t<\/div>\n\t\t\t\t\t<\/div>\n\t\t\t\t<\/div>\n\t\t\t\t<\/div>","protected":false},"excerpt":{"rendered":"<p>Pavage d\u2019Asphalte Pavage d\u2019asphalte (r\u00e9sidentiel et commercial) Nous offrons \u00e0 tous nos clients les services de pavage d\u2019entr\u00e9e de qualit\u00e9. Nous utilisons toujours des produits de qualit\u00e9 sup\u00e9rieure afin que ceux-ci passent \u00e0 travers les ann\u00e9es ais\u00e9ment. En effet, le pavage d\u2019entr\u00e9e subit beaucoup de dommage \u00e0 travers les ann\u00e9es. Le passage des v\u00e9hicules, souffleuses [&hellip;]<\/p>","protected":false},"author":1,"featured_media":0,"parent":0,"menu_order":0,"comment_status":"closed","ping_status":"closed","template":"","meta":{"_seopress_robots_primary_cat":"","_seopress_titles_title":"Pavage Laval | Installation d'Asphalte Durable et Garanti","_seopress_titles_desc":"Confiez votre entr\u00e9e \u00e0 nos experts en pavage \u00e0 Laval et asphalte dans Lanaudi\u00e8re. Installation r\u00e9sidentielle et commerciale de qualit\u00e9 sup\u00e9rieure. Appelez-nous!","_seopress_robots_index":"","footnotes":""},"class_list":["post-241","page","type-page","status-publish","hentry"],"_links":{"self":[{"href":"https:\/\/duvernay-asphalte.ca\/en\/wp-json\/wp\/v2\/pages\/241","targetHints":{"allow":["GET"]}}],"collection":[{"href":"https:\/\/duvernay-asphalte.ca\/en\/wp-json\/wp\/v2\/pages"}],"about":[{"href":"https:\/\/duvernay-asphalte.ca\/en\/wp-json\/wp\/v2\/types\/page"}],"author":[{"embeddable":true,"href":"https:\/\/duvernay-asphalte.ca\/en\/wp-json\/wp\/v2\/users\/1"}],"replies":[{"embeddable":true,"href":"https:\/\/duvernay-asphalte.ca\/en\/wp-json\/wp\/v2\/comments?post=241"}],"version-history":[{"count":28,"href":"https:\/\/duvernay-asphalte.ca\/en\/wp-json\/wp\/v2\/pages\/241\/revisions"}],"predecessor-version":[{"id":578,"href":"https:\/\/duvernay-asphalte.ca\/en\/wp-json\/wp\/v2\/pages\/241\/revisions\/578"}],"wp:attachment":[{"href":"https:\/\/duvernay-asphalte.ca\/en\/wp-json\/wp\/v2\/media?parent=241"}],"curies":[{"name":"wp","href":"https:\/\/api.w.org\/{rel}","templated":true}]}}