{"id":247,"date":"2025-11-06T20:30:22","date_gmt":"2025-11-06T20:30:22","guid":{"rendered":"https:\/\/duvernay-asphalte.ca\/?page_id=247"},"modified":"2026-03-03T19:56:34","modified_gmt":"2026-03-03T19:56:34","slug":"amenagement-de-pave-uni-et-autres","status":"publish","type":"page","link":"https:\/\/duvernay-asphalte.ca\/en\/amenagement-de-pave-uni-et-autres\/","title":{"rendered":"Interlocking paver installation and other"},"content":{"rendered":"<div data-elementor-type=\"wp-page\" data-elementor-id=\"247\" class=\"elementor elementor-247\" data-elementor-post-type=\"page\">\n\t\t\t\t<div data-particle_enable=\"false\" data-particle-mobile-disabled=\"false\" class=\"elementor-element elementor-element-ab84f8b e-flex e-con-boxed csc-shape-default e-con e-parent\" data-id=\"ab84f8b\" data-element_type=\"container\" data-settings=\"{&quot;background_background&quot;:&quot;classic&quot;}\">\n\t\t\t\t\t<div class=\"e-con-inner\">\n\t\t\t\t<div class=\"elementor-element elementor-element-b56c69f elementor-widget elementor-widget-heading\" data-id=\"b56c69f\" data-element_type=\"widget\" data-widget_type=\"heading.default\">\n\t\t\t\t\t<h2 class=\"elementor-heading-title elementor-size-default\">Interlocking paver installation, walkway, patio and block retaining wall<\/h2>\t\t\t\t<\/div>\n\t\t\t\t\t<\/div>\n\t\t\t\t<\/div>\n\t\t<div data-particle_enable=\"false\" data-particle-mobile-disabled=\"false\" class=\"elementor-element elementor-element-1059eef elementor-hidden-mobile e-flex e-con-boxed csc-shape-default e-con e-parent\" data-id=\"1059eef\" data-element_type=\"container\">\n\t\t\t\t\t<div class=\"e-con-inner\">\n\t\t\t\t<div class=\"elementor-element elementor-element-6f34207 elementor-widget elementor-widget-spacer\" data-id=\"6f34207\" data-element_type=\"widget\" data-widget_type=\"spacer.default\">\n\t\t\t\t\t\t\t<div class=\"elementor-spacer\">\n\t\t\t<div class=\"elementor-spacer-inner\"><\/div>\n\t\t<\/div>\n\t\t\t\t\t\t<\/div>\n\t\t\t\t\t<\/div>\n\t\t\t\t<\/div>\n\t\t<div data-particle_enable=\"false\" data-particle-mobile-disabled=\"false\" class=\"elementor-element elementor-element-b82c290 e-flex e-con-boxed csc-shape-default e-con e-parent\" data-id=\"b82c290\" data-element_type=\"container\">\n\t\t\t\t\t<div class=\"e-con-inner\">\n\t\t<div data-particle_enable=\"false\" data-particle-mobile-disabled=\"false\" class=\"elementor-element elementor-element-0c3f4d9 e-con-full e-flex csc-shape-default e-con e-child\" data-id=\"0c3f4d9\" data-element_type=\"container\">\n\t\t\t\t<div class=\"elementor-element elementor-element-d4f18c8 elementor-widget elementor-widget-image\" data-id=\"d4f18c8\" data-element_type=\"widget\" data-widget_type=\"image.default\">\n\t\t\t\t\t\t\t\t\t\t\t\t\t\t\t<img fetchpriority=\"high\" decoding=\"async\" width=\"800\" height=\"500\" src=\"https:\/\/duvernay-asphalte.ca\/wp-content\/uploads\/2025\/11\/muret_en_blocs.webp\" class=\"attachment-large size-large wp-image-30\" alt=\"mur de bloc laval\" srcset=\"https:\/\/duvernay-asphalte.ca\/wp-content\/uploads\/2025\/11\/muret_en_blocs.webp 1000w, https:\/\/duvernay-asphalte.ca\/wp-content\/uploads\/2025\/11\/muret_en_blocs-300x188.jpg 300w, https:\/\/duvernay-asphalte.ca\/wp-content\/uploads\/2025\/11\/muret_en_blocs-768x480.jpg 768w\" sizes=\"(max-width: 800px) 100vw, 800px\" \/>\t\t\t\t\t\t\t\t\t\t\t\t\t\t\t<\/div>\n\t\t\t\t<div class=\"elementor-element elementor-element-af8df1c elementor-widget elementor-widget-image\" data-id=\"af8df1c\" data-element_type=\"widget\" data-widget_type=\"image.default\">\n\t\t\t\t\t\t\t\t\t\t\t\t\t\t\t<img alt=\"\" decoding=\"async\" width=\"640\" height=\"480\" src=\"https:\/\/duvernay-asphalte.ca\/wp-content\/uploads\/2025\/11\/IMG_8443-1.webp\" class=\"attachment-large size-large wp-image-208\" srcset=\"https:\/\/duvernay-asphalte.ca\/wp-content\/uploads\/2025\/11\/IMG_8443-1.webp 640w, https:\/\/duvernay-asphalte.ca\/wp-content\/uploads\/2025\/11\/IMG_8443-1-300x225.jpg 300w\" sizes=\"(max-width: 640px) 100vw, 640px\" \/>\t\t\t\t\t\t\t\t\t\t\t\t\t\t\t<\/div>\n\t\t\t\t<\/div>\n\t\t<div data-particle_enable=\"false\" data-particle-mobile-disabled=\"false\" class=\"elementor-element elementor-element-93bc9a5 e-con-full e-flex csc-shape-default e-con e-child\" data-id=\"93bc9a5\" data-element_type=\"container\">\n\t\t\t\t<div class=\"elementor-element elementor-element-7723754 elementor-widget elementor-widget-heading\" data-id=\"7723754\" data-element_type=\"widget\" data-widget_type=\"heading.default\">\n\t\t\t\t\t<h2 class=\"elementor-heading-title elementor-size-default\">Interlocking paver and sidewalk installation<\/h2>\t\t\t\t<\/div>\n\t\t\t\t<div class=\"elementor-element elementor-element-adb1864 elementor-widget elementor-widget-heading\" data-id=\"adb1864\" data-element_type=\"widget\" data-widget_type=\"heading.default\">\n\t\t\t\t\t<h2 class=\"elementor-heading-title elementor-size-default\">At <b>Duvernay Asphalte.<\/b>, we specialize in interlocking paver installation, walkways, patios, and retaining walls. We have developed unparalleled expertise over the past 50 years. Here are the landscaping services we offer:<\/h2>\t\t\t\t<\/div>\n\t\t\t\t<div class=\"elementor-element elementor-element-8c37f86 elementor-widget elementor-widget-heading\" data-id=\"8c37f86\" data-element_type=\"widget\" data-widget_type=\"heading.default\">\n\t\t\t\t\t<h2 class=\"elementor-heading-title elementor-size-default\">Interlocking pavers offer an unparalleled look for your driveway. It's easy to give your home a sophisticated feel with an interlocking paver driveway or walkway. Interlocking pavers can be installed in your front parking area, as well as to create a walkway along the front of your house or in your garden. They bring a classic style that can be customized.<\/h2>\t\t\t\t<\/div>\n\t\t\t\t<div class=\"elementor-element elementor-element-49063fd elementor-widget elementor-widget-heading\" data-id=\"49063fd\" data-element_type=\"widget\" data-widget_type=\"heading.default\">\n\t\t\t\t\t<h2 class=\"elementor-heading-title elementor-size-default\">It is essential to have interlocking pavers installed by a team of experts to achieve the desired result. Our interlocking paver installation experts are trained to provide you with the best possible outcome. You can view some of our interlocking paver projects in our portfolio <a href=\"\/en\/realisations\/\" style=\"color:red\">achievements<\/a>.<\/h2>\t\t\t\t<\/div>\n\t\t\t\t<div class=\"elementor-element elementor-element-03e1f5c elementor-hidden-mobile elementor-widget elementor-widget-spacer\" data-id=\"03e1f5c\" data-element_type=\"widget\" data-widget_type=\"spacer.default\">\n\t\t\t\t\t\t\t<div class=\"elementor-spacer\">\n\t\t\t<div class=\"elementor-spacer-inner\"><\/div>\n\t\t<\/div>\n\t\t\t\t\t\t<\/div>\n\t\t\t\t<\/div>\n\t\t\t\t\t<\/div>\n\t\t\t\t<\/div>\n\t\t<div data-particle_enable=\"false\" data-particle-mobile-disabled=\"false\" class=\"elementor-element elementor-element-3945571 e-flex e-con-boxed csc-shape-default e-con e-parent\" data-id=\"3945571\" data-element_type=\"container\">\n\t\t\t\t\t<div class=\"e-con-inner\">\n\t\t\t\t<div class=\"elementor-element elementor-element-33d9735 elementor-widget elementor-widget-eael-divider\" data-id=\"33d9735\" data-element_type=\"widget\" data-widget_type=\"eael-divider.default\">\n\t\t\t\t\t\t\t<div class=\"eael-divider-wrap divider-direction-horizontal\">\n\t\t\t\t\t\t\t<div class=\"eael-divider horizontal double\"><\/div>\n\t\t\t\t\t<\/div>\n\t\t\t\t<\/div>\n\t\t\t\t\t<\/div>\n\t\t\t\t<\/div>\n\t\t<div data-particle_enable=\"false\" data-particle-mobile-disabled=\"false\" class=\"elementor-element elementor-element-333c133 e-flex e-con-boxed csc-shape-default e-con e-parent\" data-id=\"333c133\" data-element_type=\"container\">\n\t\t\t\t\t<div class=\"e-con-inner\">\n\t\t\t\t<div class=\"elementor-element elementor-element-e88211a elementor-widget elementor-widget-heading\" data-id=\"e88211a\" data-element_type=\"widget\" data-widget_type=\"heading.default\">\n\t\t\t\t\t<h2 class=\"elementor-heading-title elementor-size-default\">Installation of low walls made of blocks<\/h2>\t\t\t\t<\/div>\n\t\t\t\t<div class=\"elementor-element elementor-element-4dd9fa7 elementor-widget elementor-widget-heading\" data-id=\"4dd9fa7\" data-element_type=\"widget\" data-widget_type=\"heading.default\">\n\t\t\t\t\t<h2 class=\"elementor-heading-title elementor-size-default\">A low wall adds a touch of elegance to your landscaping. You can install them in front of your house to create raised flower planters or along your front steps for an aesthetically pleasing finish. Low walls are a great way to enhance your home's exterior. They perfectly complement your existing landscaping. Duvernay Asphalte can help you with your low wall project. We can handle the entire installation for you.<\/h2>\t\t\t\t<\/div>\n\t\t\t\t<div class=\"elementor-element elementor-element-0c89362 elementor-widget elementor-widget-heading\" data-id=\"0c89362\" data-element_type=\"widget\" data-widget_type=\"heading.default\">\n\t\t\t\t\t<h2 class=\"elementor-heading-title elementor-size-default\">Our wall installation experts are here to advise you on your project. They can recommend attractive and durable materials. It's important that the materials used are high-quality and long-lasting. Don't forget that aesthetics are also very important. Ask us how to choose the materials and how the installation should be carried out.<\/h2>\t\t\t\t<\/div>\n\t\t\t\t<div class=\"elementor-element elementor-element-7cbba6e elementor-widget elementor-widget-heading\" data-id=\"7cbba6e\" data-element_type=\"widget\" data-widget_type=\"heading.default\">\n\t\t\t\t\t<h2 class=\"elementor-heading-title elementor-size-default\">The quality of the wall installation is also very important. The specialist installing the wall on your property will need to create a solid foundation to ensure it doesn't collapse due to freezing and thawing. The wall will also need proper drainage to remain strong for many years.<\/h2>\t\t\t\t<\/div>\n\t\t\t\t<div class=\"elementor-element elementor-element-f10ccd9 elementor-widget elementor-widget-heading\" data-id=\"f10ccd9\" data-element_type=\"widget\" data-widget_type=\"heading.default\">\n\t\t\t\t\t<h2 class=\"elementor-heading-title elementor-size-default\">With our expertise, we have all the necessary knowledge to deliver top-quality work. We're the team you need to help you with your retaining wall installation. We provide quality workmanship, completed quickly. Contact us today to learn more about our services. We'd be happy to send an expert to your home.<\/h2>\t\t\t\t<\/div>\n\t\t\t\t\t<\/div>\n\t\t\t\t<\/div>\n\t\t<div data-particle_enable=\"false\" data-particle-mobile-disabled=\"false\" class=\"elementor-element elementor-element-ba3979a e-flex e-con-boxed csc-shape-default e-con e-parent\" data-id=\"ba3979a\" data-element_type=\"container\">\n\t\t\t\t\t<div class=\"e-con-inner\">\n\t\t\t\t<div class=\"elementor-element elementor-element-e1a325b elementor-widget elementor-widget-eael-divider\" data-id=\"e1a325b\" data-element_type=\"widget\" data-widget_type=\"eael-divider.default\">\n\t\t\t\t\t\t\t<div class=\"eael-divider-wrap divider-direction-horizontal\">\n\t\t\t\t\t\t\t<div class=\"eael-divider horizontal double\"><\/div>\n\t\t\t\t\t<\/div>\n\t\t\t\t<\/div>\n\t\t\t\t\t<\/div>\n\t\t\t\t<\/div>\n\t\t<div data-particle_enable=\"false\" data-particle-mobile-disabled=\"false\" class=\"elementor-element elementor-element-3d27729 e-flex e-con-boxed csc-shape-default e-con e-parent\" data-id=\"3d27729\" data-element_type=\"container\">\n\t\t\t\t\t<div class=\"e-con-inner\">\n\t\t\t\t<div class=\"elementor-element elementor-element-dac857b elementor-widget elementor-widget-image\" data-id=\"dac857b\" data-element_type=\"widget\" data-widget_type=\"image.default\">\n\t\t\t\t\t\t\t\t\t\t\t\t\t\t\t<img decoding=\"async\" width=\"1024\" height=\"524\" src=\"https:\/\/duvernay-asphalte.ca\/wp-content\/uploads\/2026\/03\/Pave-uni-laval.webp\" class=\"attachment-full size-full wp-image-694\" alt=\"Pav\u00e9 Uni Laval\" srcset=\"https:\/\/duvernay-asphalte.ca\/wp-content\/uploads\/2026\/03\/Pave-uni-laval.webp 1024w, https:\/\/duvernay-asphalte.ca\/wp-content\/uploads\/2026\/03\/Pave-uni-laval-300x154.jpg 300w, https:\/\/duvernay-asphalte.ca\/wp-content\/uploads\/2026\/03\/Pave-uni-laval-768x393.jpg 768w, https:\/\/duvernay-asphalte.ca\/wp-content\/uploads\/2026\/03\/Pave-uni-laval-18x9.jpg 18w\" sizes=\"(max-width: 1024px) 100vw, 1024px\" \/>\t\t\t\t\t\t\t\t\t\t\t\t\t\t\t<\/div>\n\t\t\t\t\t<\/div>\n\t\t\t\t<\/div>\n\t\t<div data-particle_enable=\"false\" data-particle-mobile-disabled=\"false\" class=\"elementor-element elementor-element-73546e2 e-flex e-con-boxed csc-shape-default e-con e-parent\" data-id=\"73546e2\" data-element_type=\"container\">\n\t\t\t\t\t<div class=\"e-con-inner\">\n\t\t\t\t<div class=\"elementor-element elementor-element-6f7fdc9 elementor-hidden-mobile elementor-widget elementor-widget-spacer\" data-id=\"6f7fdc9\" data-element_type=\"widget\" data-widget_type=\"spacer.default\">\n\t\t\t\t\t\t\t<div class=\"elementor-spacer\">\n\t\t\t<div class=\"elementor-spacer-inner\"><\/div>\n\t\t<\/div>\n\t\t\t\t\t\t<\/div>\n\t\t\t\t\t<\/div>\n\t\t\t\t<\/div>\n\t\t\t\t<\/div>","protected":false},"excerpt":{"rendered":"<p>Am\u00e9nagement de pav\u00e9-uni, trottoir, patio et muret en blocs Am\u00e9nagement de pav\u00e9-uni et trottoir Chez Duvernay Asphalte, nous sommes sp\u00e9cialis\u00e9s en am\u00e9nagement de pav\u00e9-uni, trottoir, patio et muret en blocs. Nous avons d\u00e9velopp\u00e9 une expertise incomparable depuis 50 ans. Voici les services d\u2019am\u00e9nagement disponible chez nous : Le pav\u00e9-uni offre un look in\u00e9gal\u00e9 pour votre [&hellip;]<\/p>","protected":false},"author":1,"featured_media":0,"parent":0,"menu_order":0,"comment_status":"closed","ping_status":"closed","template":"","meta":{"_seopress_robots_primary_cat":"","_seopress_titles_title":"Pav\u00e9 Uni Laval et Mur de Bloc | Am\u00e9nagement Ext\u00e9rieur","_seopress_titles_desc":"Embellissez votre cour avec notre service d'installation de pav\u00e9 uni \u00e0 Laval. Experts en mur de bloc, trottoirs et am\u00e9nagement paysager sur mesure.","_seopress_robots_index":"","footnotes":""},"class_list":["post-247","page","type-page","status-publish","hentry"],"_links":{"self":[{"href":"https:\/\/duvernay-asphalte.ca\/en\/wp-json\/wp\/v2\/pages\/247","targetHints":{"allow":["GET"]}}],"collection":[{"href":"https:\/\/duvernay-asphalte.ca\/en\/wp-json\/wp\/v2\/pages"}],"about":[{"href":"https:\/\/duvernay-asphalte.ca\/en\/wp-json\/wp\/v2\/types\/page"}],"author":[{"embeddable":true,"href":"https:\/\/duvernay-asphalte.ca\/en\/wp-json\/wp\/v2\/users\/1"}],"replies":[{"embeddable":true,"href":"https:\/\/duvernay-asphalte.ca\/en\/wp-json\/wp\/v2\/comments?post=247"}],"version-history":[{"count":25,"href":"https:\/\/duvernay-asphalte.ca\/en\/wp-json\/wp\/v2\/pages\/247\/revisions"}],"predecessor-version":[{"id":710,"href":"https:\/\/duvernay-asphalte.ca\/en\/wp-json\/wp\/v2\/pages\/247\/revisions\/710"}],"wp:attachment":[{"href":"https:\/\/duvernay-asphalte.ca\/en\/wp-json\/wp\/v2\/media?parent=247"}],"curies":[{"name":"wp","href":"https:\/\/api.w.org\/{rel}","templated":true}]}}