{"id":248,"date":"2025-11-06T20:29:18","date_gmt":"2025-11-06T20:29:18","guid":{"rendered":"https:\/\/duvernay-asphalte.ca\/?page_id=248"},"modified":"2025-11-21T19:41:57","modified_gmt":"2025-11-21T19:41:57","slug":"reparation-de-pave-uni-et-muret-en-blocs","status":"publish","type":"page","link":"https:\/\/duvernay-asphalte.ca\/en\/reparation-de-pave-uni-et-muret-en-blocs\/","title":{"rendered":"Interlocking paver and block wall repair"},"content":{"rendered":"<div data-elementor-type=\"wp-page\" data-elementor-id=\"248\" class=\"elementor elementor-248\" data-elementor-post-type=\"page\">\n\t\t\t\t<div data-particle_enable=\"false\" data-particle-mobile-disabled=\"false\" class=\"elementor-element elementor-element-8614658 e-flex e-con-boxed csc-shape-default e-con e-parent\" data-id=\"8614658\" data-element_type=\"container\" data-settings=\"{&quot;background_background&quot;:&quot;classic&quot;}\">\n\t\t\t\t\t<div class=\"e-con-inner\">\n\t\t\t\t<div class=\"elementor-element elementor-element-dcc504e elementor-widget elementor-widget-heading\" data-id=\"dcc504e\" data-element_type=\"widget\" data-widget_type=\"heading.default\">\n\t\t\t\t\t<h2 class=\"elementor-heading-title elementor-size-default\">Interlocking paver and block wall repair<\/h2>\t\t\t\t<\/div>\n\t\t\t\t\t<\/div>\n\t\t\t\t<\/div>\n\t\t<div data-particle_enable=\"false\" data-particle-mobile-disabled=\"false\" class=\"elementor-element elementor-element-460cdf5 e-flex e-con-boxed csc-shape-default e-con e-parent\" data-id=\"460cdf5\" data-element_type=\"container\">\n\t\t\t\t\t<div class=\"e-con-inner\">\n\t\t\t\t<div class=\"elementor-element elementor-element-9a0b289 elementor-hidden-mobile elementor-widget elementor-widget-spacer\" data-id=\"9a0b289\" data-element_type=\"widget\" data-widget_type=\"spacer.default\">\n\t\t\t\t\t\t\t<div class=\"elementor-spacer\">\n\t\t\t<div class=\"elementor-spacer-inner\"><\/div>\n\t\t<\/div>\n\t\t\t\t\t\t<\/div>\n\t\t\t\t\t<\/div>\n\t\t\t\t<\/div>\n\t\t<div data-particle_enable=\"false\" data-particle-mobile-disabled=\"false\" class=\"elementor-element elementor-element-9558d19 e-flex e-con-boxed csc-shape-default e-con e-parent\" data-id=\"9558d19\" data-element_type=\"container\">\n\t\t\t\t\t<div class=\"e-con-inner\">\n\t\t<div data-particle_enable=\"false\" data-particle-mobile-disabled=\"false\" class=\"elementor-element elementor-element-69fc1bd e-con-full e-flex csc-shape-default e-con e-child\" data-id=\"69fc1bd\" data-element_type=\"container\">\n\t\t\t\t<div class=\"elementor-element elementor-element-a426cbe elementor-widget elementor-widget-image\" data-id=\"a426cbe\" data-element_type=\"widget\" data-widget_type=\"image.default\">\n\t\t\t\t\t\t\t\t\t\t\t\t\t\t\t<img fetchpriority=\"high\" decoding=\"async\" width=\"800\" height=\"500\" src=\"https:\/\/duvernay-asphalte.ca\/wp-content\/uploads\/2025\/11\/assemblage_pave_uni.webp\" class=\"attachment-large size-large wp-image-26\" alt=\"pav\u00e9 uni laval\" srcset=\"https:\/\/duvernay-asphalte.ca\/wp-content\/uploads\/2025\/11\/assemblage_pave_uni.webp 1000w, https:\/\/duvernay-asphalte.ca\/wp-content\/uploads\/2025\/11\/assemblage_pave_uni-300x188.jpg 300w, https:\/\/duvernay-asphalte.ca\/wp-content\/uploads\/2025\/11\/assemblage_pave_uni-768x480.jpg 768w\" sizes=\"(max-width: 800px) 100vw, 800px\" \/>\t\t\t\t\t\t\t\t\t\t\t\t\t\t\t<\/div>\n\t\t\t\t<\/div>\n\t\t<div data-particle_enable=\"false\" data-particle-mobile-disabled=\"false\" class=\"elementor-element elementor-element-5f772f4 e-con-full e-flex csc-shape-default e-con e-child\" data-id=\"5f772f4\" data-element_type=\"container\">\n\t\t\t\t<div class=\"elementor-element elementor-element-d04923a elementor-widget elementor-widget-heading\" data-id=\"d04923a\" data-element_type=\"widget\" data-widget_type=\"heading.default\">\n\t\t\t\t\t<h2 class=\"elementor-heading-title elementor-size-default\">We know a thing or two about paving stones and low walls!<\/h2>\t\t\t\t<\/div>\n\t\t\t\t<div class=\"elementor-element elementor-element-cd3f2c1 elementor-widget elementor-widget-heading\" data-id=\"cd3f2c1\" data-element_type=\"widget\" data-widget_type=\"heading.default\">\n\t\t\t\t\t<h2 class=\"elementor-heading-title elementor-size-default\">We are the team that can help you with your interlocking paver and block wall repairs. These are durable materials that our team can repair. If you need interlocking paver or block wall repairs at your home, our experts will handle the job professionally.<\/h2>\t\t\t\t<\/div>\n\t\t\t\t<div class=\"elementor-element elementor-element-0c0a6e0 elementor-widget elementor-widget-heading\" data-id=\"0c0a6e0\" data-element_type=\"widget\" data-widget_type=\"heading.default\">\n\t\t\t\t\t<h2 class=\"elementor-heading-title elementor-size-default\">Interlocking paver renovation<\/h2>\t\t\t\t<\/div>\n\t\t\t\t<div class=\"elementor-element elementor-element-55808fc elementor-widget elementor-widget-heading\" data-id=\"55808fc\" data-element_type=\"widget\" data-widget_type=\"heading.default\">\n\t\t\t\t\t<h2 class=\"elementor-heading-title elementor-size-default\">Once the ground has been profiled and leveled, it's time to install your interlocking pavers in an aesthetically pleasing way. Interlocking paver renovation is one of our specialties. Interlocking pavers are a long-lasting material, and therefore, renovation is an excellent way to preserve them. Replacing them entirely would result in astronomical costs compared to a simple renovation. This project will be an excellent way to save money while also being environmentally friendly.<\/h2>\t\t\t\t<\/div>\n\t\t\t\t<\/div>\n\t\t\t\t\t<\/div>\n\t\t\t\t<\/div>\n\t\t<div data-particle_enable=\"false\" data-particle-mobile-disabled=\"false\" class=\"elementor-element elementor-element-d89058b e-flex e-con-boxed csc-shape-default e-con e-parent\" data-id=\"d89058b\" data-element_type=\"container\">\n\t\t\t\t\t<div class=\"e-con-inner\">\n\t\t\t\t<div class=\"elementor-element elementor-element-08924df elementor-widget-divider--view-line elementor-widget elementor-widget-divider\" data-id=\"08924df\" data-element_type=\"widget\" data-widget_type=\"divider.default\">\n\t\t\t\t\t\t\t<div class=\"elementor-divider\">\n\t\t\t<span class=\"elementor-divider-separator\">\n\t\t\t\t\t\t<\/span>\n\t\t<\/div>\n\t\t\t\t\t\t<\/div>\n\t\t\t\t\t<\/div>\n\t\t\t\t<\/div>\n\t\t<div data-particle_enable=\"false\" data-particle-mobile-disabled=\"false\" class=\"elementor-element elementor-element-e660d5d e-flex e-con-boxed csc-shape-default e-con e-parent\" data-id=\"e660d5d\" data-element_type=\"container\">\n\t\t\t\t\t<div class=\"e-con-inner\">\n\t\t\t\t<div class=\"elementor-element elementor-element-ca6b8b7 elementor-widget elementor-widget-heading\" data-id=\"ca6b8b7\" data-element_type=\"widget\" data-widget_type=\"heading.default\">\n\t\t\t\t\t<h2 class=\"elementor-heading-title elementor-size-default\">Restoration of low block walls<\/h2>\t\t\t\t<\/div>\n\t\t\t\t<div class=\"elementor-element elementor-element-d7f94ea elementor-widget elementor-widget-heading\" data-id=\"d7f94ea\" data-element_type=\"widget\" data-widget_type=\"heading.default\">\n\t\t\t\t\t<h2 class=\"elementor-heading-title elementor-size-default\">Block walls are repairable at a low cost. Thanks to our tools and expertise, we can replace damaged blocks. It's important to accurately identify the area where your wall needs repair. Our team will analyze your block wall to ensure it's straight, sturdy, and free of damaged blocks.<\/h2>\t\t\t\t<\/div>\n\t\t\t\t<div class=\"elementor-element elementor-element-549e100 elementor-widget elementor-widget-heading\" data-id=\"549e100\" data-element_type=\"widget\" data-widget_type=\"heading.default\">\n\t\t\t\t\t<h2 class=\"elementor-heading-title elementor-size-default\">It is very important to choose a meticulous team that will provide you with superior workmanship. Renovating interlocking pavers or block walls requires extensive knowledge. Our team is here for you. We have been working in this field for many years and possess all the necessary knowledge and experience to deliver work you will be proud of.<\/h2>\t\t\t\t<\/div>\n\t\t\t\t<div class=\"elementor-element elementor-element-42ede33 elementor-widget elementor-widget-heading\" data-id=\"42ede33\" data-element_type=\"widget\" data-widget_type=\"heading.default\">\n\t\t\t\t\t<h2 class=\"elementor-heading-title elementor-size-default\">Contact us today for a custom, high-quality interlocking paver or block wall renovation service. We would be pleased to meet with you to discuss your needs. Our experts will guide you through the entire process. Trust us! <b>Duvernay Asphalte.<\/b> !<\/h2>\t\t\t\t<\/div>\n\t\t\t\t\t<\/div>\n\t\t\t\t<\/div>\n\t\t<div data-particle_enable=\"false\" data-particle-mobile-disabled=\"false\" class=\"elementor-element elementor-element-4c3002b e-flex e-con-boxed csc-shape-default e-con e-parent\" data-id=\"4c3002b\" data-element_type=\"container\">\n\t\t\t\t\t<div class=\"e-con-inner\">\n\t\t\t\t<div class=\"elementor-element elementor-element-530d84d elementor-hidden-mobile elementor-widget elementor-widget-spacer\" data-id=\"530d84d\" data-element_type=\"widget\" data-widget_type=\"spacer.default\">\n\t\t\t\t\t\t\t<div class=\"elementor-spacer\">\n\t\t\t<div class=\"elementor-spacer-inner\"><\/div>\n\t\t<\/div>\n\t\t\t\t\t\t<\/div>\n\t\t\t\t\t<\/div>\n\t\t\t\t<\/div>\n\t\t\t\t<\/div>","protected":false},"excerpt":{"rendered":"<p>R\u00e9paration de pav\u00e9-uni et muret en blocs Le pav\u00e9-uni et les murets, on s&rsquo;y connait! Nous sommes l\u2019\u00e9quipe qui peut vous aider dans vos r\u00e9parations de pav\u00e9-uni et de muret en blocs. Ceux-ci sont des mat\u00e9riaux durables et r\u00e9parable par notre \u00e9quipe. Si une r\u00e9paration de pav\u00e9-uni ou de muret en bloc est requise chez [&hellip;]<\/p>","protected":false},"author":1,"featured_media":0,"parent":0,"menu_order":0,"comment_status":"closed","ping_status":"closed","template":"","meta":{"_seopress_robots_primary_cat":"","_seopress_titles_title":"R\u00e9paration de Pav\u00e9 Uni et Mur de Bloc Laval | Experts","_seopress_titles_desc":"Sp\u00e9cialistes en r\u00e9paration de pav\u00e9 uni \u00e0 Laval et r\u00e9paration de mur de bloc \u00e0 Laval. Redonnez vie et stabilit\u00e9 \u00e0 vos am\u00e9nagements avec nos solutions durables.","_seopress_robots_index":"","footnotes":""},"class_list":["post-248","page","type-page","status-publish","hentry"],"_links":{"self":[{"href":"https:\/\/duvernay-asphalte.ca\/en\/wp-json\/wp\/v2\/pages\/248","targetHints":{"allow":["GET"]}}],"collection":[{"href":"https:\/\/duvernay-asphalte.ca\/en\/wp-json\/wp\/v2\/pages"}],"about":[{"href":"https:\/\/duvernay-asphalte.ca\/en\/wp-json\/wp\/v2\/types\/page"}],"author":[{"embeddable":true,"href":"https:\/\/duvernay-asphalte.ca\/en\/wp-json\/wp\/v2\/users\/1"}],"replies":[{"embeddable":true,"href":"https:\/\/duvernay-asphalte.ca\/en\/wp-json\/wp\/v2\/comments?post=248"}],"version-history":[{"count":19,"href":"https:\/\/duvernay-asphalte.ca\/en\/wp-json\/wp\/v2\/pages\/248\/revisions"}],"predecessor-version":[{"id":581,"href":"https:\/\/duvernay-asphalte.ca\/en\/wp-json\/wp\/v2\/pages\/248\/revisions\/581"}],"wp:attachment":[{"href":"https:\/\/duvernay-asphalte.ca\/en\/wp-json\/wp\/v2\/media?parent=248"}],"curies":[{"name":"wp","href":"https:\/\/api.w.org\/{rel}","templated":true}]}}