{"id":249,"date":"2025-11-06T20:52:39","date_gmt":"2025-11-06T20:52:39","guid":{"rendered":"https:\/\/duvernay-asphalte.ca\/?page_id=249"},"modified":"2026-03-11T16:50:18","modified_gmt":"2026-03-11T16:50:18","slug":"scellant-dasphalte","status":"publish","type":"page","link":"https:\/\/duvernay-asphalte.ca\/en\/scellant-dasphalte\/","title":{"rendered":"Asphalt sealant"},"content":{"rendered":"<div data-elementor-type=\"wp-page\" data-elementor-id=\"249\" class=\"elementor elementor-249\" data-elementor-post-type=\"page\">\n\t\t\t\t<div data-particle_enable=\"false\" data-particle-mobile-disabled=\"false\" class=\"elementor-element elementor-element-94caa91 e-flex e-con-boxed csc-shape-default e-con e-parent\" data-id=\"94caa91\" data-element_type=\"container\" data-settings=\"{&quot;background_background&quot;:&quot;classic&quot;}\">\n\t\t\t\t\t<div class=\"e-con-inner\">\n\t\t\t\t<div class=\"elementor-element elementor-element-4eb7de9 elementor-widget elementor-widget-heading\" data-id=\"4eb7de9\" data-element_type=\"widget\" data-widget_type=\"heading.default\">\n\t\t\t\t\t<h2 class=\"elementor-heading-title elementor-size-default\">Asphalt sealant<\/h2>\t\t\t\t<\/div>\n\t\t\t\t\t<\/div>\n\t\t\t\t<\/div>\n\t\t<div data-particle_enable=\"false\" data-particle-mobile-disabled=\"false\" class=\"elementor-element elementor-element-74ca8c9 e-flex e-con-boxed csc-shape-default e-con e-parent\" data-id=\"74ca8c9\" data-element_type=\"container\">\n\t\t\t\t\t<div class=\"e-con-inner\">\n\t\t\t\t<div class=\"elementor-element elementor-element-d1f8f10 elementor-hidden-mobile elementor-widget elementor-widget-spacer\" data-id=\"d1f8f10\" data-element_type=\"widget\" data-widget_type=\"spacer.default\">\n\t\t\t\t\t\t\t<div class=\"elementor-spacer\">\n\t\t\t<div class=\"elementor-spacer-inner\"><\/div>\n\t\t<\/div>\n\t\t\t\t\t\t<\/div>\n\t\t\t\t\t<\/div>\n\t\t\t\t<\/div>\n\t\t<div data-particle_enable=\"false\" data-particle-mobile-disabled=\"false\" class=\"elementor-element elementor-element-501a5bd e-flex e-con-boxed csc-shape-default e-con e-parent\" data-id=\"501a5bd\" data-element_type=\"container\">\n\t\t\t\t\t<div class=\"e-con-inner\">\n\t\t<div data-particle_enable=\"false\" data-particle-mobile-disabled=\"false\" class=\"elementor-element elementor-element-ba9ef7d e-con-full e-flex csc-shape-default e-con e-child\" data-id=\"ba9ef7d\" data-element_type=\"container\">\n\t\t\t\t<div class=\"elementor-element elementor-element-868ef54 elementor-widget elementor-widget-image\" data-id=\"868ef54\" data-element_type=\"widget\" data-widget_type=\"image.default\">\n\t\t\t\t\t\t\t\t\t\t\t\t\t\t\t<img alt=\"\" fetchpriority=\"high\" decoding=\"async\" width=\"640\" height=\"480\" src=\"https:\/\/duvernay-asphalte.ca\/wp-content\/uploads\/2025\/11\/IMG_6200-1.webp\" class=\"attachment-large size-large wp-image-200\" srcset=\"https:\/\/duvernay-asphalte.ca\/wp-content\/uploads\/2025\/11\/IMG_6200-1.webp 640w, https:\/\/duvernay-asphalte.ca\/wp-content\/uploads\/2025\/11\/IMG_6200-1-300x225.jpg 300w\" sizes=\"(max-width: 640px) 100vw, 640px\" \/>\t\t\t\t\t\t\t\t\t\t\t\t\t\t\t<\/div>\n\t\t\t\t<\/div>\n\t\t<div data-particle_enable=\"false\" data-particle-mobile-disabled=\"false\" class=\"elementor-element elementor-element-03a4d27 e-con-full e-flex csc-shape-default e-con e-child\" data-id=\"03a4d27\" data-element_type=\"container\">\n\t\t\t\t<div class=\"elementor-element elementor-element-a282b38 elementor-widget elementor-widget-heading\" data-id=\"a282b38\" data-element_type=\"widget\" data-widget_type=\"heading.default\">\n\t\t\t\t\t<h2 class=\"elementor-heading-title elementor-size-default\">Extend the lifespan of your asphalt driveway with our asphalt sealants.<\/h2>\t\t\t\t<\/div>\n\t\t\t\t<div class=\"elementor-element elementor-element-dbb59cc elementor-widget elementor-widget-heading\" data-id=\"dbb59cc\" data-element_type=\"widget\" data-widget_type=\"heading.default\">\n\t\t\t\t\t<h2 class=\"elementor-heading-title elementor-size-default\">We offer an asphalt sealing service that will extend the life of your asphalt driveway. The sealant is a protective layer that shields your existing asphalt from wear and tear.<\/h2>\t\t\t\t<\/div>\n\t\t\t\t<div class=\"elementor-element elementor-element-18c6990 elementor-widget elementor-widget-heading\" data-id=\"18c6990\" data-element_type=\"widget\" data-widget_type=\"heading.default\">\n\t\t\t\t\t<h2 class=\"elementor-heading-title elementor-size-default\">With our Quebec winters, we strongly advise you to apply this type of protection approximately every 3 years, which will ensure that your asphalt remains beautiful and in good condition despite temperature changes, as well as the repeated passage of cars, snowblowers, etc.<\/h2>\t\t\t\t<\/div>\n\t\t\t\t<div class=\"elementor-element elementor-element-b6e9820 elementor-widget elementor-widget-heading\" data-id=\"b6e9820\" data-element_type=\"widget\" data-widget_type=\"heading.default\">\n\t\t\t\t\t<h2 class=\"elementor-heading-title elementor-size-default\">Their passage causes significant damage to the asphalt. Avoid having to replace your entire asphalt surface and contact us for a quote on asphalt sealing. We're here to advise you. Your ideas are our expertise.<\/h2>\t\t\t\t<\/div>\n\t\t\t\t<\/div>\n\t\t\t\t\t<\/div>\n\t\t\t\t<\/div>\n\t\t<div data-particle_enable=\"false\" data-particle-mobile-disabled=\"false\" class=\"elementor-element elementor-element-859d8fb e-flex e-con-boxed csc-shape-default e-con e-parent\" data-id=\"859d8fb\" data-element_type=\"container\">\n\t\t\t\t\t<div class=\"e-con-inner\">\n\t\t\t\t<div class=\"elementor-element elementor-element-65ffd3d elementor-widget-divider--view-line elementor-widget elementor-widget-divider\" data-id=\"65ffd3d\" data-element_type=\"widget\" data-widget_type=\"divider.default\">\n\t\t\t\t\t\t\t<div class=\"elementor-divider\">\n\t\t\t<span class=\"elementor-divider-separator\">\n\t\t\t\t\t\t<\/span>\n\t\t<\/div>\n\t\t\t\t\t\t<\/div>\n\t\t\t\t\t<\/div>\n\t\t\t\t<\/div>\n\t\t<div data-particle_enable=\"false\" data-particle-mobile-disabled=\"false\" class=\"elementor-element elementor-element-772d0bd e-flex e-con-boxed csc-shape-default e-con e-parent\" data-id=\"772d0bd\" data-element_type=\"container\">\n\t\t\t\t\t<div class=\"e-con-inner\">\n\t\t\t\t<div class=\"elementor-element elementor-element-626abfc elementor-widget elementor-widget-heading\" data-id=\"626abfc\" data-element_type=\"widget\" data-widget_type=\"heading.default\">\n\t\t\t\t\t<h2 class=\"elementor-heading-title elementor-size-default\"><b>Duvernay Asphalte.<\/b> , we are a family business that has been working in the asphalt industry for many years. We are your partner for all your asphalt sealing needs. Our team has the expertise you need for your project. We are a company that prioritizes customer satisfaction, which is why we always take the time to analyze the condition of your asphalt and ensure we always use the best products available on the market.<\/h2>\t\t\t\t<\/div>\n\t\t\t\t<div class=\"elementor-element elementor-element-8eddb91 elementor-widget elementor-widget-heading\" data-id=\"8eddb91\" data-element_type=\"widget\" data-widget_type=\"heading.default\">\n\t\t\t\t\t<h2 class=\"elementor-heading-title elementor-size-default\">Our team is composed of experienced and meticulous workers who always strive to deliver the best possible results. We have very high standards for asphalt sealing. That's why all our employees are selected based on rigorous quality standards. All our employees are certified and hold all the required certifications in the asphalt sealing industry. Your satisfaction is our goal.<\/h2>\t\t\t\t<\/div>\n\t\t\t\t<div class=\"elementor-element elementor-element-24117e6 elementor-widget elementor-widget-heading\" data-id=\"24117e6\" data-element_type=\"widget\" data-widget_type=\"heading.default\">\n\t\t\t\t\t<h2 class=\"elementor-heading-title elementor-size-default\">Contact us today for a free quote for your asphalt sealing project. We would be pleased to meet with you.<\/h2>\t\t\t\t<\/div>\n\t\t\t\t\t<\/div>\n\t\t\t\t<\/div>\n\t\t<div data-particle_enable=\"false\" data-particle-mobile-disabled=\"false\" class=\"elementor-element elementor-element-ef67b0c e-flex e-con-boxed csc-shape-default e-con e-parent\" data-id=\"ef67b0c\" data-element_type=\"container\">\n\t\t\t\t\t<div class=\"e-con-inner\">\n\t\t\t\t<div class=\"elementor-element elementor-element-d8385ec elementor-hidden-mobile elementor-widget elementor-widget-spacer\" data-id=\"d8385ec\" data-element_type=\"widget\" data-widget_type=\"spacer.default\">\n\t\t\t\t\t\t\t<div class=\"elementor-spacer\">\n\t\t\t<div class=\"elementor-spacer-inner\"><\/div>\n\t\t<\/div>\n\t\t\t\t\t\t<\/div>\n\t\t\t\t\t<\/div>\n\t\t\t\t<\/div>\n\t\t<div data-particle_enable=\"false\" data-particle-mobile-disabled=\"false\" class=\"elementor-element elementor-element-30b378e e-flex e-con-boxed csc-shape-default e-con e-parent\" data-id=\"30b378e\" data-element_type=\"container\">\n\t\t\t\t\t<div class=\"e-con-inner\">\n\t\t\t\t<div class=\"elementor-element elementor-element-e633645 elementor-widget elementor-widget-image\" data-id=\"e633645\" data-element_type=\"widget\" data-widget_type=\"image.default\">\n\t\t\t\t\t\t\t\t\t\t\t\t\t\t\t<img decoding=\"async\" width=\"900\" height=\"328\" src=\"https:\/\/duvernay-asphalte.ca\/wp-content\/uploads\/2026\/03\/Reparation-asphalt.webp\" class=\"attachment-full size-full wp-image-693\" alt=\"R\u00e9paration Asphalte\" srcset=\"https:\/\/duvernay-asphalte.ca\/wp-content\/uploads\/2026\/03\/Reparation-asphalt.webp 900w, https:\/\/duvernay-asphalte.ca\/wp-content\/uploads\/2026\/03\/Reparation-asphalt-300x109.jpg 300w, https:\/\/duvernay-asphalte.ca\/wp-content\/uploads\/2026\/03\/Reparation-asphalt-768x280.jpg 768w, https:\/\/duvernay-asphalte.ca\/wp-content\/uploads\/2026\/03\/Reparation-asphalt-18x7.jpg 18w\" sizes=\"(max-width: 900px) 100vw, 900px\" \/>\t\t\t\t\t\t\t\t\t\t\t\t\t\t\t<\/div>\n\t\t\t\t<div class=\"elementor-element elementor-element-cd2754c elementor-widget elementor-widget-spacer\" data-id=\"cd2754c\" data-element_type=\"widget\" data-widget_type=\"spacer.default\">\n\t\t\t\t\t\t\t<div class=\"elementor-spacer\">\n\t\t\t<div class=\"elementor-spacer-inner\"><\/div>\n\t\t<\/div>\n\t\t\t\t\t\t<\/div>\n\t\t\t\t\t<\/div>\n\t\t\t\t<\/div>\n\t\t\t\t<\/div>","protected":false},"excerpt":{"rendered":"<p>Scellant d\u2019asphalte Allongez la dur\u00e9e de vie de votre entr\u00e9e d\u2019asphalte gr\u00e2ce \u00e0 nos scellant d&rsquo;asphalte Nous offrons un service de scellant d\u2019asphalte qui vous permettra d\u2019allonger la dur\u00e9e de vie de votre entr\u00e9e d\u2019asphalte. Le scellant est une couche protectrice qui vous permet de prot\u00e9ger votre asphalte existant de l\u2019usure. Avec nos hivers qu\u00e9b\u00e9cois, [&hellip;]<\/p>","protected":false},"author":1,"featured_media":0,"parent":0,"menu_order":0,"comment_status":"closed","ping_status":"closed","template":"","meta":{"_seopress_robots_primary_cat":"","_seopress_titles_title":"Scellant et R\u00e9paration Asphalte Laval | Protection Ultime","_seopress_titles_desc":"Prot\u00e9gez votre entr\u00e9e contre l'hiver. Service d'application de scellant et r\u00e9paration asphalte \u00e0 Laval pour prolonger la dur\u00e9e de vie de votre pavage.","_seopress_robots_index":"","footnotes":""},"class_list":["post-249","page","type-page","status-publish","hentry"],"_links":{"self":[{"href":"https:\/\/duvernay-asphalte.ca\/en\/wp-json\/wp\/v2\/pages\/249","targetHints":{"allow":["GET"]}}],"collection":[{"href":"https:\/\/duvernay-asphalte.ca\/en\/wp-json\/wp\/v2\/pages"}],"about":[{"href":"https:\/\/duvernay-asphalte.ca\/en\/wp-json\/wp\/v2\/types\/page"}],"author":[{"embeddable":true,"href":"https:\/\/duvernay-asphalte.ca\/en\/wp-json\/wp\/v2\/users\/1"}],"replies":[{"embeddable":true,"href":"https:\/\/duvernay-asphalte.ca\/en\/wp-json\/wp\/v2\/comments?post=249"}],"version-history":[{"count":28,"href":"https:\/\/duvernay-asphalte.ca\/en\/wp-json\/wp\/v2\/pages\/249\/revisions"}],"predecessor-version":[{"id":729,"href":"https:\/\/duvernay-asphalte.ca\/en\/wp-json\/wp\/v2\/pages\/249\/revisions\/729"}],"wp:attachment":[{"href":"https:\/\/duvernay-asphalte.ca\/en\/wp-json\/wp\/v2\/media?parent=249"}],"curies":[{"name":"wp","href":"https:\/\/api.w.org\/{rel}","templated":true}]}}