{"id":250,"date":"2025-11-06T21:01:55","date_gmt":"2025-11-06T21:01:55","guid":{"rendered":"https:\/\/duvernay-asphalte.ca\/?page_id=250"},"modified":"2025-11-21T19:41:41","modified_gmt":"2025-11-21T19:41:41","slug":"excavation","status":"publish","type":"page","link":"https:\/\/duvernay-asphalte.ca\/en\/excavation\/","title":{"rendered":"Excavation"},"content":{"rendered":"<div data-elementor-type=\"wp-page\" data-elementor-id=\"250\" class=\"elementor elementor-250\" data-elementor-post-type=\"page\">\n\t\t\t\t<div data-particle_enable=\"false\" data-particle-mobile-disabled=\"false\" class=\"elementor-element elementor-element-811b34b e-flex e-con-boxed csc-shape-default e-con e-parent\" data-id=\"811b34b\" data-element_type=\"container\" data-settings=\"{&quot;background_background&quot;:&quot;classic&quot;}\">\n\t\t\t\t\t<div class=\"e-con-inner\">\n\t\t\t\t<div class=\"elementor-element elementor-element-1f7d2c2 elementor-widget elementor-widget-heading\" data-id=\"1f7d2c2\" data-element_type=\"widget\" data-widget_type=\"heading.default\">\n\t\t\t\t\t<h2 class=\"elementor-heading-title elementor-size-default\">Excavation<\/h2>\t\t\t\t<\/div>\n\t\t\t\t\t<\/div>\n\t\t\t\t<\/div>\n\t\t<div data-particle_enable=\"false\" data-particle-mobile-disabled=\"false\" class=\"elementor-element elementor-element-e33f128 e-flex e-con-boxed csc-shape-default e-con e-parent\" data-id=\"e33f128\" data-element_type=\"container\">\n\t\t\t\t\t<div class=\"e-con-inner\">\n\t\t\t\t<div class=\"elementor-element elementor-element-8cf3bf8 elementor-hidden-mobile elementor-widget elementor-widget-spacer\" data-id=\"8cf3bf8\" data-element_type=\"widget\" data-widget_type=\"spacer.default\">\n\t\t\t\t\t\t\t<div class=\"elementor-spacer\">\n\t\t\t<div class=\"elementor-spacer-inner\"><\/div>\n\t\t<\/div>\n\t\t\t\t\t\t<\/div>\n\t\t\t\t\t<\/div>\n\t\t\t\t<\/div>\n\t\t<div data-particle_enable=\"false\" data-particle-mobile-disabled=\"false\" class=\"elementor-element elementor-element-9e5f937 e-flex e-con-boxed csc-shape-default e-con e-parent\" data-id=\"9e5f937\" data-element_type=\"container\">\n\t\t\t\t\t<div class=\"e-con-inner\">\n\t\t<div data-particle_enable=\"false\" data-particle-mobile-disabled=\"false\" class=\"elementor-element elementor-element-c123b6e e-con-full e-flex csc-shape-default e-con e-child\" data-id=\"c123b6e\" data-element_type=\"container\">\n\t\t\t\t<div class=\"elementor-element elementor-element-e84ca36 elementor-widget elementor-widget-image\" data-id=\"e84ca36\" data-element_type=\"widget\" data-widget_type=\"image.default\">\n\t\t\t\t\t\t\t\t\t\t\t\t\t\t\t<img fetchpriority=\"high\" decoding=\"async\" width=\"2560\" height=\"1709\" src=\"https:\/\/duvernay-asphalte.ca\/wp-content\/uploads\/2025\/11\/shutterstock_458412118-scaled.webp\" class=\"attachment-full size-full wp-image-295\" alt=\"Image Excavation\" srcset=\"https:\/\/duvernay-asphalte.ca\/wp-content\/uploads\/2025\/11\/shutterstock_458412118-scaled.webp 2560w, https:\/\/duvernay-asphalte.ca\/wp-content\/uploads\/2025\/11\/shutterstock_458412118-300x200.jpg 300w, https:\/\/duvernay-asphalte.ca\/wp-content\/uploads\/2025\/11\/shutterstock_458412118-1024x684.jpg 1024w, https:\/\/duvernay-asphalte.ca\/wp-content\/uploads\/2025\/11\/shutterstock_458412118-768x513.jpg 768w, https:\/\/duvernay-asphalte.ca\/wp-content\/uploads\/2025\/11\/shutterstock_458412118-1536x1025.jpg 1536w, https:\/\/duvernay-asphalte.ca\/wp-content\/uploads\/2025\/11\/shutterstock_458412118-2048x1367.jpg 2048w\" sizes=\"(max-width: 2560px) 100vw, 2560px\" \/>\t\t\t\t\t\t\t\t\t\t\t\t\t\t\t<\/div>\n\t\t\t\t<\/div>\n\t\t<div data-particle_enable=\"false\" data-particle-mobile-disabled=\"false\" class=\"elementor-element elementor-element-64b22ea e-con-full e-flex csc-shape-default e-con e-child\" data-id=\"64b22ea\" data-element_type=\"container\">\n\t\t\t\t<div class=\"elementor-element elementor-element-b413565 elementor-widget elementor-widget-heading\" data-id=\"b413565\" data-element_type=\"widget\" data-widget_type=\"heading.default\">\n\t\t\t\t\t<h2 class=\"elementor-heading-title elementor-size-default\">Excavation work<\/h2>\t\t\t\t<\/div>\n\t\t\t\t<div class=\"elementor-element elementor-element-662c52f elementor-widget elementor-widget-heading\" data-id=\"662c52f\" data-element_type=\"widget\" data-widget_type=\"heading.default\">\n\t\t\t\t\t<h2 class=\"elementor-heading-title elementor-size-default\">Excavation is a necessary step for many construction and exterior renovation projects. Whether you're digging the foundations for your home or business, installing a swimming pool, or simply replacing your driveway, you'll need to contact a specialized excavation company that, in addition to possessing the equipment and machinery necessary to complete the work properly, also has the expertise and experience to excavate safely. <\/h2>\t\t\t\t<\/div>\n\t\t\t\t<div class=\"elementor-element elementor-element-aa37cb0 elementor-widget elementor-widget-heading\" data-id=\"aa37cb0\" data-element_type=\"widget\" data-widget_type=\"heading.default\">\n\t\t\t\t\t<h2 class=\"elementor-heading-title elementor-size-default\">As the R\u00e9gie du b\u00e2timent du Qu\u00e9bec reminds us, whether for a residence, a business or a company, the basement of your property may conceal underground infrastructure that must be located and handled with the utmost care.<\/h2>\t\t\t\t<\/div>\n\t\t\t\t<div class=\"elementor-element elementor-element-1349190 elementor-widget elementor-widget-heading\" data-id=\"1349190\" data-element_type=\"widget\" data-widget_type=\"heading.default\">\n\t\t\t\t\t<h2 class=\"elementor-heading-title elementor-size-default\"><b>Duvernay Asphalte.<\/b> <b>Duvernay Asphalte<\/b> offers excavation services for your various projects at a fair price. A family business specializing in asphalt paving and excavation, it boasts a team of experienced professionals who will meet your expectations. <\/h2>\t\t\t\t<\/div>\n\t\t\t\t<\/div>\n\t\t\t\t\t<\/div>\n\t\t\t\t<\/div>\n\t\t<div data-particle_enable=\"false\" data-particle-mobile-disabled=\"false\" class=\"elementor-element elementor-element-4c74771 e-flex e-con-boxed csc-shape-default e-con e-parent\" data-id=\"4c74771\" data-element_type=\"container\">\n\t\t\t\t\t<div class=\"e-con-inner\">\n\t\t\t\t<div class=\"elementor-element elementor-element-5b41da0 elementor-hidden-mobile elementor-widget elementor-widget-spacer\" data-id=\"5b41da0\" data-element_type=\"widget\" data-widget_type=\"spacer.default\">\n\t\t\t\t\t\t\t<div class=\"elementor-spacer\">\n\t\t\t<div class=\"elementor-spacer-inner\"><\/div>\n\t\t<\/div>\n\t\t\t\t\t\t<\/div>\n\t\t\t\t\t<\/div>\n\t\t\t\t<\/div>\n\t\t\t\t<\/div>","protected":false},"excerpt":{"rendered":"<p>Excavation Travaux d\u2019excavation L\u2019excavation est une \u00e9tape n\u00e9cessaire pour entreprendre bien des projets de construction et de r\u00e9novation ext\u00e9rieure. Qu\u2019il s\u2019agisse de creuser les fondations de votre maison ou celles de votre entreprise, d\u2019installer une piscine ou simplement de changer le rev\u00eatement de votre entr\u00e9e de cours, vous aurez besoin de contacter une entreprise sp\u00e9cialis\u00e9e [&hellip;]<\/p>","protected":false},"author":1,"featured_media":0,"parent":0,"menu_order":0,"comment_status":"closed","ping_status":"closed","template":"","meta":{"_seopress_robots_primary_cat":"","_seopress_titles_title":"Excavation Laval | Pr\u00e9paration de Terrain et Fondation","_seopress_titles_desc":"Service professionnel d'excavation \u00e0 Laval. De la pr\u00e9paration de terrain \u00e0 la fondation pour asphalte et pav\u00e9 uni. Confiez-nous vos travaux garantis!","_seopress_robots_index":"","footnotes":""},"class_list":["post-250","page","type-page","status-publish","hentry"],"_links":{"self":[{"href":"https:\/\/duvernay-asphalte.ca\/en\/wp-json\/wp\/v2\/pages\/250","targetHints":{"allow":["GET"]}}],"collection":[{"href":"https:\/\/duvernay-asphalte.ca\/en\/wp-json\/wp\/v2\/pages"}],"about":[{"href":"https:\/\/duvernay-asphalte.ca\/en\/wp-json\/wp\/v2\/types\/page"}],"author":[{"embeddable":true,"href":"https:\/\/duvernay-asphalte.ca\/en\/wp-json\/wp\/v2\/users\/1"}],"replies":[{"embeddable":true,"href":"https:\/\/duvernay-asphalte.ca\/en\/wp-json\/wp\/v2\/comments?post=250"}],"version-history":[{"count":25,"href":"https:\/\/duvernay-asphalte.ca\/en\/wp-json\/wp\/v2\/pages\/250\/revisions"}],"predecessor-version":[{"id":575,"href":"https:\/\/duvernay-asphalte.ca\/en\/wp-json\/wp\/v2\/pages\/250\/revisions\/575"}],"wp:attachment":[{"href":"https:\/\/duvernay-asphalte.ca\/en\/wp-json\/wp\/v2\/media?parent=250"}],"curies":[{"name":"wp","href":"https:\/\/api.w.org\/{rel}","templated":true}]}}