{"id":362,"date":"2025-11-06T21:42:38","date_gmt":"2025-11-06T21:42:38","guid":{"rendered":"https:\/\/duvernay-asphalte.ca\/?page_id=362"},"modified":"2025-11-06T21:52:08","modified_gmt":"2025-11-06T21:52:08","slug":"politique-de-confidentialite","status":"publish","type":"page","link":"https:\/\/duvernay-asphalte.ca\/en\/politique-de-confidentialite\/","title":{"rendered":"Privacy Policy"},"content":{"rendered":"<div data-elementor-type=\"wp-page\" data-elementor-id=\"362\" class=\"elementor elementor-362\" data-elementor-post-type=\"page\">\n\t\t\t\t<div data-particle_enable=\"false\" data-particle-mobile-disabled=\"false\" class=\"elementor-element elementor-element-a93dd48 e-flex e-con-boxed csc-shape-default e-con e-parent\" data-id=\"a93dd48\" data-element_type=\"container\" data-settings=\"{&quot;background_background&quot;:&quot;classic&quot;}\">\n\t\t\t\t\t<div class=\"e-con-inner\">\n\t\t\t\t<div class=\"elementor-element elementor-element-9a53e86 elementor-widget elementor-widget-heading\" data-id=\"9a53e86\" data-element_type=\"widget\" data-widget_type=\"heading.default\">\n\t\t\t\t\t<h2 class=\"elementor-heading-title elementor-size-default\">Privacy Policy<\/h2>\t\t\t\t<\/div>\n\t\t\t\t\t<\/div>\n\t\t\t\t<\/div>\n\t\t<div data-particle_enable=\"false\" data-particle-mobile-disabled=\"false\" class=\"elementor-element elementor-element-7515997 e-flex e-con-boxed csc-shape-default e-con e-parent\" data-id=\"7515997\" data-element_type=\"container\">\n\t\t\t\t\t<div class=\"e-con-inner\">\n\t\t\t\t<div class=\"elementor-element elementor-element-0b0aea0 elementor-widget elementor-widget-spacer\" data-id=\"0b0aea0\" data-element_type=\"widget\" data-widget_type=\"spacer.default\">\n\t\t\t\t\t\t\t<div class=\"elementor-spacer\">\n\t\t\t<div class=\"elementor-spacer-inner\"><\/div>\n\t\t<\/div>\n\t\t\t\t\t\t<\/div>\n\t\t\t\t\t<\/div>\n\t\t\t\t<\/div>\n\t\t<div data-particle_enable=\"false\" data-particle-mobile-disabled=\"false\" class=\"elementor-element elementor-element-433e4cc e-flex e-con-boxed csc-shape-default e-con e-parent\" data-id=\"433e4cc\" data-element_type=\"container\">\n\t\t\t\t\t<div class=\"e-con-inner\">\n\t\t\t\t<div class=\"elementor-element elementor-element-b20e9cb elementor-widget elementor-widget-text-editor\" data-id=\"b20e9cb\" data-element_type=\"widget\" data-widget_type=\"text-editor.default\">\n\t\t\t\t\t\t\t\t\t<div class=\"section_wrapper mfn-wrapper-for-wraps mcb-section-inner mcb-section-inner-be13fd149\"><div class=\"wrap mcb-wrap mcb-wrap-9fcf0a697 three-fifth tablet-three-fifth laptop-three-fifth mobile-one valign-bottom vb-item clearfix test2\" data-desktop-col=\"three-fifth\" data-laptop-col=\"laptop-three-fifth\" data-tablet-col=\"tablet-three-fifth\" data-mobile-col=\"mobile-one\"><div class=\"mcb-wrap-inner mcb-wrap-inner-9fcf0a697 mfn-module-wrapper mfn-wrapper-for-wraps\"><div class=\"column mcb-column mcb-item-7f7d93762 one laptop-one tablet-one mobile-one column_column vb-item\"><div class=\"mcb-column-inner mfn-module-wrapper mcb-column-inner-7f7d93762 mcb-item-column-inner\"><div class=\"column_attr mfn-inline-editor clearfix\"><p><strong>1. Introduction<\/strong><\/p><p>Welcome to\u00a0<a href=\"https:\/\/duvernay-asphalte.ca\/en\/\" target=\"_blank\" rel=\"noopener\" data-saferedirecturl=\"https:\/\/www.google.com\/url?q=https:\/\/duvernay-asphalte.ca&amp;source=gmail&amp;ust=1694805093506000&amp;usg=AOvVaw1S2ntjhd5eySg_suviEwCe\">duvernay-asphalte.ca<\/a>. We attach great importance to the confidentiality and protection of our users' personal data. This Privacy Policy details how we collect, use, store, and protect your personal information.<\/p><p><strong>2. Information Collection<\/strong><\/p><p>When you submit information to us through our website, including via contact forms or other similar mechanisms, we only collect the information necessary to respond to your request for information.<\/p><p><strong>3. Use of Information<\/strong><\/p><p>Any confidential information you provide will be used solely to process your information request. We promise not to use this information for any other purpose, including commercial or advertising purposes, without your explicit consent.<\/p><p><strong>4. Information Sharing<\/strong><\/p><p>We do not share, sell or transmit your personal information to third parties unless required by law or necessary to respond to your request for information.<\/p><p><strong>5. Security<\/strong><\/p><p>We have implemented appropriate technical and organizational measures to protect your data against loss, unauthorized use, access, or disclosure. However, no website is completely secure, so we encourage you to be vigilant and not to transmit sensitive or confidential information unless strictly necessary.<\/p><p><strong>6. Your Rights<\/strong><\/p><p>You have the right to request access to, correction of, or deletion of your personal data held by\u00a0<a href=\"https:\/\/duvernay-asphalte.ca\/en\/\" target=\"_blank\" rel=\"noopener\" data-saferedirecturl=\"https:\/\/www.google.com\/url?q=https:\/\/duvernay-asphalte.ca&amp;source=gmail&amp;ust=1694805093506000&amp;usg=AOvVaw1S2ntjhd5eySg_suviEwCe\">duvernay-asphalte.ca<\/a>. If you wish to exercise any of these rights, please contact us using the methods indicated on our website.<\/p><p><strong>7. Modifications<\/strong><\/p><p>We reserve the right to modify this privacy policy at any time. Any changes will be posted on this page, and if they are significant, we will notify you through other appropriate means.<\/p><p><strong>8. Contact<\/strong><\/p><p>If you have any questions regarding this privacy policy or wish to exercise your rights, please contact us using the contact details provided on our website.<\/p><p><strong>9. Data Processing Officer<\/strong><\/p><p>Gaetane Leblanc<br \/><a href=\"mailto:reception@duvernay-asphalte.com\" target=\"_blank\" rel=\"noopener\">reception@duvernay-asphalte.<wbr \/>com<\/a><\/p><\/div><\/div><\/div><\/div><\/div><\/div>\t\t\t\t\t\t\t\t<\/div>\n\t\t\t\t\t<\/div>\n\t\t\t\t<\/div>\n\t\t<div data-particle_enable=\"false\" data-particle-mobile-disabled=\"false\" class=\"elementor-element elementor-element-5583d01 e-flex e-con-boxed csc-shape-default e-con e-parent\" data-id=\"5583d01\" data-element_type=\"container\">\n\t\t\t\t\t<div class=\"e-con-inner\">\n\t\t<div data-particle_enable=\"false\" data-particle-mobile-disabled=\"false\" class=\"elementor-element elementor-element-4effb4c e-con-full reveal-left e-flex csc-shape-default e-con e-child\" data-id=\"4effb4c\" data-element_type=\"container\">\n\t\t\t\t<div class=\"elementor-element elementor-element-f02f802 elementor-view-default elementor-widget elementor-widget-icon\" data-id=\"f02f802\" data-element_type=\"widget\" data-widget_type=\"icon.default\">\n\t\t\t\t\t\t\t<div class=\"elementor-icon-wrapper\">\n\t\t\t<div class=\"elementor-icon\">\n\t\t\t<svg aria-hidden=\"true\" class=\"e-font-icon-svg e-fas-leaf\" viewbox=\"0 0 576 512\" xmlns=\"http:\/\/www.w3.org\/2000\/svg\"><path d=\"M546.2 9.7c-5.6-12.5-21.6-13-28.3-1.2C486.9 62.4 431.4 96 368 96h-80C182 96 96 182 96 288c0 7 .8 13.7 1.5 20.5C161.3 262.8 253.4 224 384 224c8.8 0 16 7.2 16 16s-7.2 16-16 16C132.6 256 26 410.1 2.4 468c-6.6 16.3 1.2 34.9 17.5 41.6 16.4 6.8 35-1.1 41.8-17.3 1.5-3.6 20.9-47.9 71.9-90.6 32.4 43.9 94 85.8 174.9 77.2C465.5 467.5 576 326.7 576 154.3c0-50.2-10.8-102.2-29.8-144.6z\"><\/path><\/svg>\t\t\t<\/div>\n\t\t<\/div>\n\t\t\t\t\t\t<\/div>\n\t\t\t\t<div class=\"elementor-element elementor-element-5dafea2 elementor-widget elementor-widget-heading\" data-id=\"5dafea2\" data-element_type=\"widget\" data-widget_type=\"heading.default\">\n\t\t\t\t\t<h2 class=\"elementor-heading-title elementor-size-default\">Duvernay Asphalte is committed to respecting the environment and your property.<\/h2>\t\t\t\t<\/div>\n\t\t\t\t<\/div>\n\t\t\t\t\t<\/div>\n\t\t\t\t<\/div>\n\t\t<div data-particle_enable=\"false\" data-particle-mobile-disabled=\"false\" class=\"elementor-element elementor-element-b5fb9e8 e-flex e-con-boxed csc-shape-default e-con e-parent\" data-id=\"b5fb9e8\" data-element_type=\"container\">\n\t\t\t\t\t<div class=\"e-con-inner\">\n\t\t\t\t<div class=\"elementor-element elementor-element-bf19929 elementor-widget elementor-widget-spacer\" data-id=\"bf19929\" data-element_type=\"widget\" data-widget_type=\"spacer.default\">\n\t\t\t\t\t\t\t<div class=\"elementor-spacer\">\n\t\t\t<div class=\"elementor-spacer-inner\"><\/div>\n\t\t<\/div>\n\t\t\t\t\t\t<\/div>\n\t\t\t\t\t<\/div>\n\t\t\t\t<\/div>\n\t\t\t\t<\/div>","protected":false},"excerpt":{"rendered":"<p>Politique de confidentialit\u00e9 1. Introduction Bienvenue sur\u00a0duvernay-asphalte.ca. Nous attachons une grande importance \u00e0 la confidentialit\u00e9 et \u00e0 la protection des donn\u00e9es personnelles de nos utilisateurs. Cette Politique de Confidentialit\u00e9 d\u00e9taille la mani\u00e8re dont nous collectons, utilisons, conservons et prot\u00e9geons vos informations personnelles. 2. Collecte des Informations Lorsque vous nous transmettez des informations via notre site [&hellip;]<\/p>","protected":false},"author":1,"featured_media":0,"parent":0,"menu_order":0,"comment_status":"closed","ping_status":"closed","template":"","meta":{"_seopress_robots_primary_cat":"","_seopress_titles_title":"","_seopress_titles_desc":"","_seopress_robots_index":"","footnotes":""},"class_list":["post-362","page","type-page","status-publish","hentry"],"_links":{"self":[{"href":"https:\/\/duvernay-asphalte.ca\/en\/wp-json\/wp\/v2\/pages\/362","targetHints":{"allow":["GET"]}}],"collection":[{"href":"https:\/\/duvernay-asphalte.ca\/en\/wp-json\/wp\/v2\/pages"}],"about":[{"href":"https:\/\/duvernay-asphalte.ca\/en\/wp-json\/wp\/v2\/types\/page"}],"author":[{"embeddable":true,"href":"https:\/\/duvernay-asphalte.ca\/en\/wp-json\/wp\/v2\/users\/1"}],"replies":[{"embeddable":true,"href":"https:\/\/duvernay-asphalte.ca\/en\/wp-json\/wp\/v2\/comments?post=362"}],"version-history":[{"count":10,"href":"https:\/\/duvernay-asphalte.ca\/en\/wp-json\/wp\/v2\/pages\/362\/revisions"}],"predecessor-version":[{"id":374,"href":"https:\/\/duvernay-asphalte.ca\/en\/wp-json\/wp\/v2\/pages\/362\/revisions\/374"}],"wp:attachment":[{"href":"https:\/\/duvernay-asphalte.ca\/en\/wp-json\/wp\/v2\/media?parent=362"}],"curies":[{"name":"wp","href":"https:\/\/api.w.org\/{rel}","templated":true}]}}